{"id":342,"date":"2025-09-05T16:22:25","date_gmt":"2025-09-05T13:22:25","guid":{"rendered":"https:\/\/rootstimber.ee\/grants\/"},"modified":"2025-11-03T15:10:10","modified_gmt":"2025-11-03T13:10:10","slug":"grants","status":"publish","type":"page","link":"https:\/\/rootstimber.ee\/en\/grants\/","title":{"rendered":"Grants"},"content":{"rendered":"\t\t<div data-elementor-type=\"wp-page\" data-elementor-id=\"342\" class=\"elementor elementor-342 elementor-93\" data-elementor-post-type=\"page\">\n\t\t\t\t<div class=\"elementor-element elementor-element-6de3cbdd e-flex e-con-boxed e-con e-parent\" data-id=\"6de3cbdd\" data-element_type=\"container\" data-settings=\"{&quot;background_background&quot;:&quot;classic&quot;}\">\n\t\t\t\t\t<div class=\"e-con-inner\">\n\t\t<div class=\"elementor-element elementor-element-89a95e2 e-con-full e-flex e-con e-child\" data-id=\"89a95e2\" data-element_type=\"container\">\n\t\t\t\t<div class=\"elementor-element elementor-element-50cd0f8a elementor-widget__width-auto elementor-invisible elementor-widget elementor-widget-heading\" data-id=\"50cd0f8a\" data-element_type=\"widget\" data-settings=\"{&quot;_animation&quot;:&quot;fadeInLeft&quot;}\" data-widget_type=\"heading.default\">\n\t\t\t\t\t<h1 class=\"elementor-heading-title elementor-size-default\">Grants<\/h1>\t\t\t\t<\/div>\n\t\t\t\t<\/div>\n\t\t\t\t\t<\/div>\n\t\t\t\t<\/div>\n\t\t<div class=\"elementor-element elementor-element-314df12a e-flex e-con-boxed e-con e-parent\" data-id=\"314df12a\" data-element_type=\"container\" data-settings=\"{&quot;background_background&quot;:&quot;classic&quot;}\">\n\t\t\t\t\t<div class=\"e-con-inner\">\n\t\t<div class=\"elementor-element elementor-element-7cac38f9 e-con-full e-flex e-con e-child\" data-id=\"7cac38f9\" data-element_type=\"container\" data-settings=\"{&quot;background_background&quot;:&quot;classic&quot;}\">\n\t\t\t\t<div class=\"elementor-element elementor-element-65a6943b elementor-widget elementor-widget-heading\" data-id=\"65a6943b\" data-element_type=\"widget\" data-widget_type=\"heading.default\">\n\t\t\t\t\t<h2 class=\"elementor-heading-title elementor-size-default\">The project \"O\u00dc J.Roots Timber digital transformation project\" received support from the European Union's NextGenerationEU recovery instrument.<\/h2>\t\t\t\t<\/div>\n\t\t\t\t<div class=\"elementor-element elementor-element-325554f elementor-widget elementor-widget-heading\" data-id=\"325554f\" data-element_type=\"widget\" data-widget_type=\"heading.default\">\n\t\t\t\t\t<h3 class=\"elementor-heading-title elementor-size-default\">Project summary:<\/h3>\t\t\t\t<\/div>\n\t\t\t\t<div class=\"elementor-element elementor-element-6c2b4e54 elementor-widget elementor-widget-text-editor\" data-id=\"6c2b4e54\" data-element_type=\"widget\" data-widget_type=\"text-editor.default\">\n\t\t\t\t\t\t\t\t\t<p>As a result of the project, the automation and digitalization of O\u00dc J.Roots Timber&#8217;s production will be increased, thereby increasing the company&#8217;s added value per employee. As part of the project, the company will acquire planing line automation, a stacking device, a pellet packaging line, and a laser printer.<\/p>\t\t\t\t\t\t\t\t<\/div>\n\t\t\t\t<div class=\"elementor-element elementor-element-4f220a5 elementor-widget elementor-widget-heading\" data-id=\"4f220a5\" data-element_type=\"widget\" data-widget_type=\"heading.default\">\n\t\t\t\t\t<h3 class=\"elementor-heading-title elementor-size-default\">Project goal and result:<\/h3>\t\t\t\t<\/div>\n\t\t\t\t<div class=\"elementor-element elementor-element-88b1095 elementor-widget elementor-widget-text-editor\" data-id=\"88b1095\" data-element_type=\"widget\" data-widget_type=\"text-editor.default\">\n\t\t\t\t\t\t\t\t\t<p>The goal of the project is to increase production capacity, expand the product portfolio, and streamline production in order to have greater competitiveness in the industry. The company&#8217;s goal is balanced development through increasing productivity and developing processes, technology, and personnel.<\/p><p>The new planing line automation allows for faster diagnosis of line-related problems and thus reduces downtime. The stacking device significantly increases the production capacity of stacked products, using nesting functionality. The pellet packaging line allows for efficient dosing, packaging, and storage of produced pellet products. The laser printer expands the company&#8217;s ability to mark planed boards according to customer needs and requirements.<\/p><p>As a result of the project, the company&#8217;s added value will increase by approximately 12% within two years after the end of the project.<\/p><p><strong>Grant amount (EUR):<\/strong><br>104,850<\/p>\t\t\t\t\t\t\t\t<\/div>\n\t\t\t\t<div class=\"elementor-element elementor-element-0d974dc elementor-widget elementor-widget-image\" data-id=\"0d974dc\" data-element_type=\"widget\" data-widget_type=\"image.default\">\n\t\t\t\t\t\t\t\t\t\t\t\t\t\t\t<img decoding=\"async\" width=\"294\" height=\"145\" src=\"https:\/\/rootstimber.ee\/wp-content\/uploads\/2025\/09\/Picture1-1.png\" class=\"attachment-full size-full wp-image-341\" alt=\"\" \/>\t\t\t\t\t\t\t\t\t\t\t\t\t\t\t<\/div>\n\t\t\t\t<\/div>\n\t\t<div class=\"elementor-element elementor-element-323d904 e-con-full e-flex e-con e-child\" data-id=\"323d904\" data-element_type=\"container\" data-settings=\"{&quot;background_background&quot;:&quot;classic&quot;}\">\n\t\t\t\t<div class=\"elementor-element elementor-element-53b9440 elementor-widget elementor-widget-heading\" data-id=\"53b9440\" data-element_type=\"widget\" data-widget_type=\"heading.default\">\n\t\t\t\t\t<h2 class=\"elementor-heading-title elementor-size-default\">The project \"O\u00dc J. Roots Timber Security of Supply Investments\" received support from the European Union's NextGenerationEU recovery instrument.<\/h2>\t\t\t\t<\/div>\n\t\t\t\t<div class=\"elementor-element elementor-element-0c02d81 elementor-widget elementor-widget-text-editor\" data-id=\"0c02d81\" data-element_type=\"widget\" data-widget_type=\"text-editor.default\">\n\t\t\t\t\t\t\t\t\t<p>The implementation of the project is necessary to increase the company&#8217;s security of supply. Projekti eesm\u00e4rk on v\u00e4hendada ettev\u00f5tte s\u00f5ltuvust fossiilk\u00fctustest. To achieve the project&#8217;s goal, a solar power plant will be built with an electricity storage device, the implementation of which will greatly reduce the amount of electricity produced from fossil fuels consumed from the electricity grid and improve the company&#8217;s security of supply.<\/p><p><strong>Grant amount (EUR):<\/strong><br>72,800 \u20ac<\/p>\t\t\t\t\t\t\t\t<\/div>\n\t\t\t\t<div class=\"elementor-element elementor-element-09db230 elementor-widget elementor-widget-image\" data-id=\"09db230\" data-element_type=\"widget\" data-widget_type=\"image.default\">\n\t\t\t\t\t\t\t\t\t\t\t\t\t\t\t<img decoding=\"async\" width=\"294\" height=\"145\" src=\"https:\/\/rootstimber.ee\/wp-content\/uploads\/2025\/09\/Picture1-1.png\" class=\"attachment-full size-full wp-image-341\" alt=\"\" \/>\t\t\t\t\t\t\t\t\t\t\t\t\t\t\t<\/div>\n\t\t\t\t<\/div>\n\t\t\t\t\t<\/div>\n\t\t\t\t<\/div>\n\t\t\t\t<\/div>\n\t\t","protected":false},"excerpt":{"rendered":"<p>Grants The project &#8220;O\u00dc J.Roots Timber digital transformation project&#8221; received support from the European Union&#8217;s NextGenerationEU recovery instrument. Project summary: As a result of the project, the automation and digitalization of O\u00dc J.Roots Timber&#8217;s production will be increased, thereby increasing the company&#8217;s added value per employee. As part of the project, the company will acquire [&hellip;]<\/p>\n","protected":false},"author":1,"featured_media":0,"parent":0,"menu_order":0,"comment_status":"closed","ping_status":"closed","template":"","meta":{"footnotes":""},"class_list":["post-342","page","type-page","status-publish","hentry"],"yoast_head":"<!-- This site is optimized with the Yoast SEO plugin v26.2 - https:\/\/yoast.com\/wordpress\/plugins\/seo\/ -->\n<title>Grants - Rootsitimber<\/title>\n<meta name=\"description\" content=\"J. Roots Timber increases efficiency with EU-funded automation and renewable energy projects. Supporting sustainable and digital timber production in Estonia.\" \/>\n<meta name=\"robots\" content=\"index, follow, max-snippet:-1, max-image-preview:large, max-video-preview:-1\" \/>\n<link rel=\"canonical\" href=\"https:\/\/rootstimber.ee\/en\/grants\/\" \/>\n<meta property=\"og:locale\" content=\"en_US\" \/>\n<meta property=\"og:type\" content=\"article\" \/>\n<meta property=\"og:title\" content=\"Grants - Rootsitimber\" \/>\n<meta property=\"og:description\" content=\"J. Roots Timber increases efficiency with EU-funded automation and renewable energy projects. Supporting sustainable and digital timber production in Estonia.\" \/>\n<meta property=\"og:url\" content=\"https:\/\/rootstimber.ee\/en\/grants\/\" \/>\n<meta property=\"og:site_name\" content=\"Rootsitimber\" \/>\n<meta property=\"article:modified_time\" content=\"2025-11-03T13:10:10+00:00\" \/>\n<meta property=\"og:image\" content=\"https:\/\/rootstimber.ee\/wp-content\/uploads\/2025\/09\/Picture1-1.png\" \/>\n\t<meta property=\"og:image:width\" content=\"294\" \/>\n\t<meta property=\"og:image:height\" content=\"145\" \/>\n\t<meta property=\"og:image:type\" content=\"image\/png\" \/>\n<meta name=\"twitter:card\" content=\"summary_large_image\" \/>\n<meta name=\"twitter:label1\" content=\"Est. reading time\" \/>\n\t<meta name=\"twitter:data1\" content=\"1 minute\" \/>\n<script type=\"application\/ld+json\" class=\"yoast-schema-graph\">{\"@context\":\"https:\/\/schema.org\",\"@graph\":[{\"@type\":\"WebPage\",\"@id\":\"https:\/\/rootstimber.ee\/en\/grants\/\",\"url\":\"https:\/\/rootstimber.ee\/en\/grants\/\",\"name\":\"Grants - Rootsitimber\",\"isPartOf\":{\"@id\":\"https:\/\/rootstimber.ee\/en\/#website\"},\"primaryImageOfPage\":{\"@id\":\"https:\/\/rootstimber.ee\/en\/grants\/#primaryimage\"},\"image\":{\"@id\":\"https:\/\/rootstimber.ee\/en\/grants\/#primaryimage\"},\"thumbnailUrl\":\"https:\/\/rootstimber.ee\/wp-content\/uploads\/2025\/09\/Picture1-1.png\",\"datePublished\":\"2025-09-05T13:22:25+00:00\",\"dateModified\":\"2025-11-03T13:10:10+00:00\",\"description\":\"J. Roots Timber increases efficiency with EU-funded automation and renewable energy projects. Supporting sustainable and digital timber production in Estonia.\",\"breadcrumb\":{\"@id\":\"https:\/\/rootstimber.ee\/en\/grants\/#breadcrumb\"},\"inLanguage\":\"en-US\",\"potentialAction\":[{\"@type\":\"ReadAction\",\"target\":[\"https:\/\/rootstimber.ee\/en\/grants\/\"]}]},{\"@type\":\"ImageObject\",\"inLanguage\":\"en-US\",\"@id\":\"https:\/\/rootstimber.ee\/en\/grants\/#primaryimage\",\"url\":\"https:\/\/rootstimber.ee\/wp-content\/uploads\/2025\/09\/Picture1-1.png\",\"contentUrl\":\"https:\/\/rootstimber.ee\/wp-content\/uploads\/2025\/09\/Picture1-1.png\"},{\"@type\":\"BreadcrumbList\",\"@id\":\"https:\/\/rootstimber.ee\/en\/grants\/#breadcrumb\",\"itemListElement\":[{\"@type\":\"ListItem\",\"position\":1,\"name\":\"Home\",\"item\":\"https:\/\/rootstimber.ee\/en\/\"},{\"@type\":\"ListItem\",\"position\":2,\"name\":\"Grants\"}]},{\"@type\":\"WebSite\",\"@id\":\"https:\/\/rootstimber.ee\/en\/#website\",\"url\":\"https:\/\/rootstimber.ee\/en\/\",\"name\":\"Rootsitimber\",\"description\":\"Shaping Timber, Building Trust\",\"publisher\":{\"@id\":\"https:\/\/rootstimber.ee\/en\/#organization\"},\"potentialAction\":[{\"@type\":\"SearchAction\",\"target\":{\"@type\":\"EntryPoint\",\"urlTemplate\":\"https:\/\/rootstimber.ee\/en\/?s={search_term_string}\"},\"query-input\":{\"@type\":\"PropertyValueSpecification\",\"valueRequired\":true,\"valueName\":\"search_term_string\"}}],\"inLanguage\":\"en-US\"},{\"@type\":\"Organization\",\"@id\":\"https:\/\/rootstimber.ee\/en\/#organization\",\"name\":\"Rootsitimber\",\"url\":\"https:\/\/rootstimber.ee\/en\/\",\"logo\":{\"@type\":\"ImageObject\",\"inLanguage\":\"en-US\",\"@id\":\"https:\/\/rootstimber.ee\/en\/#\/schema\/logo\/image\/\",\"url\":\"https:\/\/rootstimber.ee\/wp-content\/uploads\/2025\/10\/cropped-Uus-Projekt-32.png\",\"contentUrl\":\"https:\/\/rootstimber.ee\/wp-content\/uploads\/2025\/10\/cropped-Uus-Projekt-32.png\",\"width\":512,\"height\":512,\"caption\":\"Rootsitimber\"},\"image\":{\"@id\":\"https:\/\/rootstimber.ee\/en\/#\/schema\/logo\/image\/\"}}]}<\/script>\n<!-- \/ Yoast SEO plugin. -->","yoast_head_json":{"title":"Grants - Rootsitimber","description":"J. Roots Timber increases efficiency with EU-funded automation and renewable energy projects. Supporting sustainable and digital timber production in Estonia.","robots":{"index":"index","follow":"follow","max-snippet":"max-snippet:-1","max-image-preview":"max-image-preview:large","max-video-preview":"max-video-preview:-1"},"canonical":"https:\/\/rootstimber.ee\/en\/grants\/","og_locale":"en_US","og_type":"article","og_title":"Grants - Rootsitimber","og_description":"J. Roots Timber increases efficiency with EU-funded automation and renewable energy projects. Supporting sustainable and digital timber production in Estonia.","og_url":"https:\/\/rootstimber.ee\/en\/grants\/","og_site_name":"Rootsitimber","article_modified_time":"2025-11-03T13:10:10+00:00","og_image":[{"width":294,"height":145,"url":"https:\/\/rootstimber.ee\/wp-content\/uploads\/2025\/09\/Picture1-1.png","type":"image\/png"}],"twitter_card":"summary_large_image","twitter_misc":{"Est. reading time":"1 minute"},"schema":{"@context":"https:\/\/schema.org","@graph":[{"@type":"WebPage","@id":"https:\/\/rootstimber.ee\/en\/grants\/","url":"https:\/\/rootstimber.ee\/en\/grants\/","name":"Grants - Rootsitimber","isPartOf":{"@id":"https:\/\/rootstimber.ee\/en\/#website"},"primaryImageOfPage":{"@id":"https:\/\/rootstimber.ee\/en\/grants\/#primaryimage"},"image":{"@id":"https:\/\/rootstimber.ee\/en\/grants\/#primaryimage"},"thumbnailUrl":"https:\/\/rootstimber.ee\/wp-content\/uploads\/2025\/09\/Picture1-1.png","datePublished":"2025-09-05T13:22:25+00:00","dateModified":"2025-11-03T13:10:10+00:00","description":"J. Roots Timber increases efficiency with EU-funded automation and renewable energy projects. Supporting sustainable and digital timber production in Estonia.","breadcrumb":{"@id":"https:\/\/rootstimber.ee\/en\/grants\/#breadcrumb"},"inLanguage":"en-US","potentialAction":[{"@type":"ReadAction","target":["https:\/\/rootstimber.ee\/en\/grants\/"]}]},{"@type":"ImageObject","inLanguage":"en-US","@id":"https:\/\/rootstimber.ee\/en\/grants\/#primaryimage","url":"https:\/\/rootstimber.ee\/wp-content\/uploads\/2025\/09\/Picture1-1.png","contentUrl":"https:\/\/rootstimber.ee\/wp-content\/uploads\/2025\/09\/Picture1-1.png"},{"@type":"BreadcrumbList","@id":"https:\/\/rootstimber.ee\/en\/grants\/#breadcrumb","itemListElement":[{"@type":"ListItem","position":1,"name":"Home","item":"https:\/\/rootstimber.ee\/en\/"},{"@type":"ListItem","position":2,"name":"Grants"}]},{"@type":"WebSite","@id":"https:\/\/rootstimber.ee\/en\/#website","url":"https:\/\/rootstimber.ee\/en\/","name":"Rootsitimber","description":"Shaping Timber, Building Trust","publisher":{"@id":"https:\/\/rootstimber.ee\/en\/#organization"},"potentialAction":[{"@type":"SearchAction","target":{"@type":"EntryPoint","urlTemplate":"https:\/\/rootstimber.ee\/en\/?s={search_term_string}"},"query-input":{"@type":"PropertyValueSpecification","valueRequired":true,"valueName":"search_term_string"}}],"inLanguage":"en-US"},{"@type":"Organization","@id":"https:\/\/rootstimber.ee\/en\/#organization","name":"Rootsitimber","url":"https:\/\/rootstimber.ee\/en\/","logo":{"@type":"ImageObject","inLanguage":"en-US","@id":"https:\/\/rootstimber.ee\/en\/#\/schema\/logo\/image\/","url":"https:\/\/rootstimber.ee\/wp-content\/uploads\/2025\/10\/cropped-Uus-Projekt-32.png","contentUrl":"https:\/\/rootstimber.ee\/wp-content\/uploads\/2025\/10\/cropped-Uus-Projekt-32.png","width":512,"height":512,"caption":"Rootsitimber"},"image":{"@id":"https:\/\/rootstimber.ee\/en\/#\/schema\/logo\/image\/"}}]}},"_links":{"self":[{"href":"https:\/\/rootstimber.ee\/en\/wp-json\/wp\/v2\/pages\/342","targetHints":{"allow":["GET"]}}],"collection":[{"href":"https:\/\/rootstimber.ee\/en\/wp-json\/wp\/v2\/pages"}],"about":[{"href":"https:\/\/rootstimber.ee\/en\/wp-json\/wp\/v2\/types\/page"}],"author":[{"embeddable":true,"href":"https:\/\/rootstimber.ee\/en\/wp-json\/wp\/v2\/users\/1"}],"replies":[{"embeddable":true,"href":"https:\/\/rootstimber.ee\/en\/wp-json\/wp\/v2\/comments?post=342"}],"version-history":[{"count":3,"href":"https:\/\/rootstimber.ee\/en\/wp-json\/wp\/v2\/pages\/342\/revisions"}],"predecessor-version":[{"id":618,"href":"https:\/\/rootstimber.ee\/en\/wp-json\/wp\/v2\/pages\/342\/revisions\/618"}],"wp:attachment":[{"href":"https:\/\/rootstimber.ee\/en\/wp-json\/wp\/v2\/media?parent=342"}],"curies":[{"name":"wp","href":"https:\/\/api.w.org\/{rel}","templated":true}]}}